{"id":4289,"date":"2023-10-09T11:55:21","date_gmt":"2023-10-09T08:55:21","guid":{"rendered":"https:\/\/shelly.lv\/veikals\/be-kategorijos\/shelly-blu-centrinis\/"},"modified":"2025-05-04T13:31:01","modified_gmt":"2025-05-04T10:31:01","slug":"shelly-blu-centrinis","status":"publish","type":"product","link":"https:\/\/shelly.lv\/lt\/shop\/priedai\/shelly-blu-centrinis\/","title":{"rendered":"Shelly BLU central\u0117"},"content":{"rendered":"<section class=\"wpb-content-wrapper\"><p>[vc_row][vc_column]\n\t\t<div id=\"wd-6523c8ba02535\" class=\"title-wrapper wd-wpb set-mb-s reset-last-child  wd-rs-6523c8ba02535 wd-title-color-default wd-title-style-default text-center vc_custom_1696843969019 wd-underline-colored\">\n\t\t\t\n\t\t\t<div class=\"liner-continer\">\n\t\t\t\t<h4 class=\"woodmart-title-container title  wd-font-weight-600 wd-fontsize-l\" >Shelly BLU vad\u012bbas panelis<\/h4>\n\t\t\t\t\t\t\t<\/div>\n\t\t\t\n\t\t\t\n\t\t\t\n\t\t<\/div>\n\t\t\n\t\t[vc_column_text woodmart_inline=&#8221;no&#8221; text_larger=&#8221;no&#8221;]Ien\u0101ciet jaun\u0101 \u0113r\u0101, kas nodro\u0161ina nevainojamu savienojam\u012bbu ar Shelly BLU Gateway. Ier\u012bc\u0113m ar Bluetooth parasti ir nepiecie\u0161ams Bluetooth v\u0101rtejs, piem\u0113ram, Plus vai Pro ier\u012bce. Bet, ja v\u0113laties izmantot Shelly BLU ier\u012bces ar 1. paaudzes Shelly releju (Shelly Dimmer2, Shelly RGBW2 u. c.), Shelly BLU Gateway ir risin\u0101jums! \u0160is kompaktais dongle maina j\u016bsu iestat\u012bjumus bez nepiecie\u0161am\u012bbas pievienot papildu relejus &#8211; vienk\u0101r\u0161i pievienojiet to adapterim. Tas aizpilda plaisu starp j\u016bsu Shelly BLU ier\u012bc\u0113m un pla\u0161\u0101ku Shelly ekosist\u0113mu, uztverot Bluetooth sign\u0101lus un p\u0101rs\u016btot tos uz m\u0101koni vai lok\u0101li uz cit\u0101m ier\u012bc\u0113m bez Bluetooth funkcijas.<\/p>\n<ul>\n<li>USB A tipa kontaktdak\u0161a<\/li>\n<li>Viet\u0113j\u0101s p\u0101rvald\u012bbas scen\u0101rijs<\/li>\n<li>Atbalsta MQTT, WebSocket vai jebkuru citu sader\u012bgu m\u0101jas automatiz\u0101cijas sist\u0113mu, piem\u0113ram, Home Assistant.<\/li>\n<li>Wi-Fi diapazona pagarin\u0101t\u0101js<\/li>\n<li>Var sken\u0113t Bluetooth t\u012bklu un atrast visas p\u0101r\u0113j\u0101s Bluetooth ier\u012bces; ar skriptu pal\u012bdz\u012bbu var aktiviz\u0113t darb\u012bbas tre\u0161o pu\u0161u ier\u012bc\u0113s.<\/li>\n<\/ul>\n<p><strong>Funkcionalit\u0101te<\/strong><\/p>\n<ul>\n<li>Wi-Fi &#8211; pievienojiet Shelly BLU Gateway savam Wi-Fi t\u012bklam! Nav nepiecie\u0161ams HUB!<\/li>\n<li>Bluetooth &#8211; \u0101tri pievienojiet, izmantojot Bluetooth, vai izmantojiet to k\u0101 Bluetooth vad\u012bbas paneli.<\/li>\n<li>Bezvadu &#8211; vienk\u0101r\u0161i pievienojiet to A tipa USB adapterim un kontaktligzdai.<\/li>\n<li>Scen\u0101rijs &#8211; nos\u016btiet inform\u0101ciju uz vietas un veiciet piel\u0101gotas darb\u012bbas.<\/li>\n<li>Savienojiet viedier\u012bces &#8211; m\u0101kon\u012b vai uz vietas<\/li>\n<\/ul>\n<p>&#8222;Shelly BLU Gateway ir neliela USB atsl\u0113ga, kas darbojas k\u0101 v\u0101rti starp Shelly BLU ier\u012bc\u0113m un Shelly Cloud. Ja v\u0113laties izmantot Shelly Gen-1 ier\u012bces ar Shelly BLU sensoriem, Shelly BLU Gateway var b\u016bt v\u0101rtejas uz Shelly Cloud un l\u012bdz ar to uz eso\u0161aj\u0101m Gen-1 ier\u012bc\u0113m. Tas var nov\u0113rst nepiecie\u0161am\u012bbu atjaunin\u0101t Shelly Plus vai Pro ier\u012bces. Bet Shelly BLU Gateway sniedzas t\u0101l\u0101k par m\u0101ko\u0146a savienojam\u012bbu! Ier\u012bce \u013cauj kontrol\u0113t viet\u0113jo \u0101trumu, izmantojot skriptus.<\/p>\n<p>Ja nepiecie\u0161ams nodro\u0161in\u0101t nevainojamu datu p\u0101rs\u016bt\u012b\u0161anu no ier\u012bc\u0113m ar Bluetooth uz da\u017e\u0101d\u0101m m\u0101jas automatiz\u0101cijas platform\u0101m, Shelly BLU Gateway nodro\u0161ina uzticamu un efekt\u012bvu savienojam\u012bbu, izmantojot MQTT protokolu. T\u0101d\u0113j\u0101di varat papla\u0161in\u0101t savu pa\u0161reiz\u0113jo viedo ekosist\u0113mu, izmantojot izv\u0113l\u0113t\u0101s z\u012bmola ier\u012bces un platformas.<\/p>\n<p>Daudz\u0101s m\u0101j\u0101s viens mar\u0161rut\u0113t\u0101js ir p\u0101r\u0101k v\u0101j\u0161, lai \u0123ener\u0113tu stabilu sign\u0101lu, kas sasniedz visas istabas, un tas rada &#8222;miru\u0161\u0101s zonas&#8221; un nepast\u0101v\u012bgus savienojumus. &#8222;Shelly BLU Gateway \u013cauj raid\u012bt l\u012bdz 30 m att\u0101lum\u0101 iek\u0161telp\u0101s un 50 m att\u0101lum\u0101 \u0101rpus telp\u0101m. Savienojiet to ar mar\u0161rut\u0113t\u0101ja bezvadu savienojuma diapazona malu un savienojiet to ar t\u012bklu, izveidojot viengabalainu savienojumu, kas nodro\u0161in\u0101s pla\u0161\u0101ku Wi-Fi diapazonu, nek\u0101 pa\u0161reiz\u0113j\u0101 iestat\u012bjum\u0101.[\/vc_column_text][vc_video link=&#8221;&#8221; el_width=&#8221;80&#8243; align=&#8221;center&#8221; image_poster_switch=&#8221;no&#8221;][\/vc_column][\/vc_row]<\/p>\n<\/section>","protected":false},"excerpt":{"rendered":"<p>[vc_row][vc_column][vc_column_text woodmart_inline=&#8221;no&#8221; text_larger=&#8221;no&#8221;]Ien\u0101ciet jaun\u0101 \u0113r\u0101, kas nodro\u0161ina nevainojamu savienojam\u012bbu ar Shelly BLU Gateway. Ier\u012bc\u0113m ar Bluetooth parasti ir nepiecie\u0161ams Bluetooth<\/p>\n","protected":false},"featured_media":2971,"template":"","meta":[],"product_cat":[499,299],"product_tag":[41,227],"class_list":{"0":"post-4289","1":"product","2":"type-product","3":"status-publish","4":"has-post-thumbnail","6":"product_cat-ismaniosios-centrales","7":"product_cat-priedai","8":"product_tag-shelly","9":"product_tag-shelly-blu","10":"product_shipping_class-pastomatai","12":"first","13":"instock","14":"taxable","15":"shipping-taxable","16":"purchasable","17":"product-type-simple"},"yoast_head":"<!-- This site is optimized with the Yoast SEO plugin v20.12 - https:\/\/yoast.com\/wordpress\/plugins\/seo\/ -->\n<title>Shelly BLU central\u0117 - shelly.lv<\/title>\n<meta name=\"robots\" content=\"index, follow, max-snippet:-1, max-image-preview:large, max-video-preview:-1\" \/>\n<link rel=\"canonical\" href=\"https:\/\/shelly.lv\/lt\/shop\/priedai\/shelly-blu-centrinis\/\" \/>\n<meta property=\"og:locale\" content=\"lt_LT\" \/>\n<meta property=\"og:type\" content=\"article\" \/>\n<meta property=\"og:title\" content=\"Shelly BLU central\u0117 - shelly.lv\" \/>\n<meta property=\"og:description\" content=\"[vc_row][vc_column][vc_column_text woodmart_inline=&#8221;no&#8221; text_larger=&#8221;no&#8221;]Ien\u0101ciet jaun\u0101 \u0113r\u0101, kas nodro\u0161ina nevainojamu savienojam\u012bbu ar Shelly BLU Gateway. Ier\u012bc\u0113m ar Bluetooth parasti ir nepiecie\u0161ams Bluetooth\" \/>\n<meta property=\"og:url\" content=\"https:\/\/shelly.lv\/lt\/shop\/priedai\/shelly-blu-centrinis\/\" \/>\n<meta property=\"og:site_name\" content=\"shelly.lv\" \/>\n<meta property=\"article:modified_time\" content=\"2025-05-04T10:31:01+00:00\" \/>\n<meta property=\"og:image\" content=\"https:\/\/shelly.lv\/wp-content\/uploads\/2023\/10\/shelly-blu-gateway-bluetooth-to-wi-fi-gateway-in-a-usb-a-dongle-2.jpg\" \/>\n\t<meta property=\"og:image:width\" content=\"700\" \/>\n\t<meta property=\"og:image:height\" content=\"800\" \/>\n\t<meta property=\"og:image:type\" content=\"image\/jpeg\" \/>\n<meta name=\"twitter:card\" content=\"summary_large_image\" \/>\n<meta name=\"twitter:label1\" content=\"Est. reading time\" \/>\n\t<meta name=\"twitter:data1\" content=\"3 minut\u0117s\" \/>\n<script type=\"application\/ld+json\" class=\"yoast-schema-graph\">{\"@context\":\"https:\/\/schema.org\",\"@graph\":[{\"@type\":\"WebPage\",\"@id\":\"https:\/\/shelly.lv\/lt\/shop\/priedai\/shelly-blu-centrinis\/\",\"url\":\"https:\/\/shelly.lv\/lt\/shop\/priedai\/shelly-blu-centrinis\/\",\"name\":\"Shelly BLU central\u0117 - shelly.lv\",\"isPartOf\":{\"@id\":\"https:\/\/shelly.lv\/lt\/#website\"},\"datePublished\":\"2023-10-09T08:55:21+00:00\",\"dateModified\":\"2025-05-04T10:31:01+00:00\",\"breadcrumb\":{\"@id\":\"https:\/\/shelly.lv\/lt\/shop\/priedai\/shelly-blu-centrinis\/#breadcrumb\"},\"inLanguage\":\"lt-LT\",\"potentialAction\":[{\"@type\":\"ReadAction\",\"target\":[\"https:\/\/shelly.lv\/lt\/shop\/priedai\/shelly-blu-centrinis\/\"]}]},{\"@type\":\"BreadcrumbList\",\"@id\":\"https:\/\/shelly.lv\/lt\/shop\/priedai\/shelly-blu-centrinis\/#breadcrumb\",\"itemListElement\":[{\"@type\":\"ListItem\",\"position\":1,\"name\":\"Home\",\"item\":\"https:\/\/shelly.lv\/lt\/\"},{\"@type\":\"ListItem\",\"position\":2,\"name\":\"Parduotuv\u0117\",\"item\":\"https:\/\/shelly.lv\/lt\/shop\/\"},{\"@type\":\"ListItem\",\"position\":3,\"name\":\"Shelly BLU centrinis\"}]},{\"@type\":\"WebSite\",\"@id\":\"https:\/\/shelly.lv\/lt\/#website\",\"url\":\"https:\/\/shelly.lv\/lt\/\",\"name\":\"Shelly.lv\",\"description\":\"Shelly Latvia\",\"publisher\":{\"@id\":\"https:\/\/shelly.lv\/lt\/#organization\"},\"potentialAction\":[{\"@type\":\"SearchAction\",\"target\":{\"@type\":\"EntryPoint\",\"urlTemplate\":\"https:\/\/shelly.lv\/lt\/?s={search_term_string}\"},\"query-input\":\"required name=search_term_string\"}],\"inLanguage\":\"lt-LT\"},{\"@type\":\"Organization\",\"@id\":\"https:\/\/shelly.lv\/lt\/#organization\",\"name\":\"Shelly.lv\",\"url\":\"https:\/\/shelly.lv\/lt\/\",\"logo\":{\"@type\":\"ImageObject\",\"inLanguage\":\"lt-LT\",\"@id\":\"https:\/\/shelly.lv\/lt\/#\/schema\/logo\/image\/\",\"url\":\"https:\/\/shelly.lv\/wp-content\/uploads\/2023\/07\/Asset-3.png\",\"contentUrl\":\"https:\/\/shelly.lv\/wp-content\/uploads\/2023\/07\/Asset-3.png\",\"width\":861,\"height\":240,\"caption\":\"Shelly.lv\"},\"image\":{\"@id\":\"https:\/\/shelly.lv\/lt\/#\/schema\/logo\/image\/\"}}]}<\/script>\n<!-- \/ Yoast SEO plugin. -->","yoast_head_json":{"title":"Shelly BLU central\u0117 - shelly.lv","robots":{"index":"index","follow":"follow","max-snippet":"max-snippet:-1","max-image-preview":"max-image-preview:large","max-video-preview":"max-video-preview:-1"},"canonical":"https:\/\/shelly.lv\/lt\/shop\/priedai\/shelly-blu-centrinis\/","og_locale":"lt_LT","og_type":"article","og_title":"Shelly BLU central\u0117 - shelly.lv","og_description":"[vc_row][vc_column][vc_column_text woodmart_inline=&#8221;no&#8221; text_larger=&#8221;no&#8221;]Ien\u0101ciet jaun\u0101 \u0113r\u0101, kas nodro\u0161ina nevainojamu savienojam\u012bbu ar Shelly BLU Gateway. Ier\u012bc\u0113m ar Bluetooth parasti ir nepiecie\u0161ams Bluetooth","og_url":"https:\/\/shelly.lv\/lt\/shop\/priedai\/shelly-blu-centrinis\/","og_site_name":"shelly.lv","article_modified_time":"2025-05-04T10:31:01+00:00","og_image":[{"width":700,"height":800,"url":"https:\/\/shelly.lv\/wp-content\/uploads\/2023\/10\/shelly-blu-gateway-bluetooth-to-wi-fi-gateway-in-a-usb-a-dongle-2.jpg","type":"image\/jpeg"}],"twitter_card":"summary_large_image","twitter_misc":{"Est. reading time":"3 minut\u0117s"},"schema":{"@context":"https:\/\/schema.org","@graph":[{"@type":"WebPage","@id":"https:\/\/shelly.lv\/lt\/shop\/priedai\/shelly-blu-centrinis\/","url":"https:\/\/shelly.lv\/lt\/shop\/priedai\/shelly-blu-centrinis\/","name":"Shelly BLU central\u0117 - shelly.lv","isPartOf":{"@id":"https:\/\/shelly.lv\/lt\/#website"},"datePublished":"2023-10-09T08:55:21+00:00","dateModified":"2025-05-04T10:31:01+00:00","breadcrumb":{"@id":"https:\/\/shelly.lv\/lt\/shop\/priedai\/shelly-blu-centrinis\/#breadcrumb"},"inLanguage":"lt-LT","potentialAction":[{"@type":"ReadAction","target":["https:\/\/shelly.lv\/lt\/shop\/priedai\/shelly-blu-centrinis\/"]}]},{"@type":"BreadcrumbList","@id":"https:\/\/shelly.lv\/lt\/shop\/priedai\/shelly-blu-centrinis\/#breadcrumb","itemListElement":[{"@type":"ListItem","position":1,"name":"Home","item":"https:\/\/shelly.lv\/lt\/"},{"@type":"ListItem","position":2,"name":"Parduotuv\u0117","item":"https:\/\/shelly.lv\/lt\/shop\/"},{"@type":"ListItem","position":3,"name":"Shelly BLU centrinis"}]},{"@type":"WebSite","@id":"https:\/\/shelly.lv\/lt\/#website","url":"https:\/\/shelly.lv\/lt\/","name":"Shelly.lv","description":"Shelly Latvia","publisher":{"@id":"https:\/\/shelly.lv\/lt\/#organization"},"potentialAction":[{"@type":"SearchAction","target":{"@type":"EntryPoint","urlTemplate":"https:\/\/shelly.lv\/lt\/?s={search_term_string}"},"query-input":"required name=search_term_string"}],"inLanguage":"lt-LT"},{"@type":"Organization","@id":"https:\/\/shelly.lv\/lt\/#organization","name":"Shelly.lv","url":"https:\/\/shelly.lv\/lt\/","logo":{"@type":"ImageObject","inLanguage":"lt-LT","@id":"https:\/\/shelly.lv\/lt\/#\/schema\/logo\/image\/","url":"https:\/\/shelly.lv\/wp-content\/uploads\/2023\/07\/Asset-3.png","contentUrl":"https:\/\/shelly.lv\/wp-content\/uploads\/2023\/07\/Asset-3.png","width":861,"height":240,"caption":"Shelly.lv"},"image":{"@id":"https:\/\/shelly.lv\/lt\/#\/schema\/logo\/image\/"}}]}},"_links":{"self":[{"href":"https:\/\/shelly.lv\/lt\/wp-json\/wp\/v2\/product\/4289","targetHints":{"allow":["GET"]}}],"collection":[{"href":"https:\/\/shelly.lv\/lt\/wp-json\/wp\/v2\/product"}],"about":[{"href":"https:\/\/shelly.lv\/lt\/wp-json\/wp\/v2\/types\/product"}],"wp:featuredmedia":[{"embeddable":true,"href":"https:\/\/shelly.lv\/lt\/wp-json\/wp\/v2\/media\/2971"}],"wp:attachment":[{"href":"https:\/\/shelly.lv\/lt\/wp-json\/wp\/v2\/media?parent=4289"}],"wp:term":[{"taxonomy":"product_cat","embeddable":true,"href":"https:\/\/shelly.lv\/lt\/wp-json\/wp\/v2\/product_cat?post=4289"},{"taxonomy":"product_tag","embeddable":true,"href":"https:\/\/shelly.lv\/lt\/wp-json\/wp\/v2\/product_tag?post=4289"}],"curies":[{"name":"wp","href":"https:\/\/api.w.org\/{rel}","templated":true}]}}