{"id":4324,"date":"2025-02-13T21:56:33","date_gmt":"2025-02-13T19:56:33","guid":{"rendered":"https:\/\/shelly.lv\/veikals\/uncategorized\/shelly-plug-s-gen3-lauko-ismanusis-kistukas-mocha\/"},"modified":"2026-04-30T21:58:09","modified_gmt":"2026-04-30T18:58:09","slug":"shelly-plug-s-gen3-lauko-ismanusis-kistukas-mocha","status":"publish","type":"product","link":"https:\/\/shelly.lv\/lt\/shop\/gen3\/shelly-plug-s-gen3-lauko-ismanusis-kistukas-mocha\/","title":{"rendered":"Shelly Plug S Gen3 lauko i\u0161manusis ki\u0161tukas Mocha"},"content":{"rendered":"<section class=\"wpb-content-wrapper\"><p>[vc_row][vc_column][vc_column_text css=&#8221;&#8221; text_larger=&#8221;no&#8221; woodmart_inline=&#8221;no&#8221;]Shelly Plug S Gen3 yra ma\u017eas i\u0161manusis ki\u0161tukas su \u201eWiFi\u201c, \u201eBluetooth\u201c ry\u0161iu, \u201eMater\u201c palaikymu ir galios matavimu. Valdykite ir steb\u0117kite ap\u0161vietim\u0105, \u0161ildym\u0105 ar bet kur\u012f kit\u0105 prijungt\u0105 elektros prietais\u0105 namuose, kad ir kur b\u016btum\u0117te. Jis palaiko iki 2500 W ir turi pritaikomus LED indikatorius. Su integruotu \u201eMatter\u201c suderinamumu, jis skland\u017eiai integruojamas su visomis pagrindin\u0117mis i\u0161mani\u0173j\u0173 nam\u0173 ekosistemomis.<\/p>\n<p>Pirmasis i\u0161manusis \u201eShelly\u201c ki\u0161tukas, sukurtas lauke (IP44)! Su galios matavimu ir med\u017eiagos palaikymu u\u017etikrina lengv\u0105 prijungt\u0173 lauko \u012frengini\u0173 valdym\u0105 ir steb\u0117jim\u0105!<\/p>\n<ul>\n<li>Palaiko iki 12 A (2500 W)<\/li>\n<li>Patvirtinta: per kelias sekundes prijunkite skirting\u0173 gamintoj\u0173 \u012frenginius.<\/li>\n<li>\u201eApple Homekit\u201c palaikymas: valdykite prijungtus \u012frenginius naudodami \u201eApple Home\u201c program\u0105 arba \u201eSiri\u201c.<\/li>\n<li>Galios matavimas<\/li>\n<li>Daugiaspalvis LED indikatorius (palaiko naktin\u012f re\u017eim\u0105)<\/li>\n<li>\u201eFlash\u201c atmintis: 8 MB ir \u201eShelly\u201c lustas<\/li>\n<li>Scenarijus<\/li>\n<li>Palaiko tvarkara\u0161\u010dius, scenas ir vietinius veiksmus<\/li>\n<li>HUB nereikia! Platus suderinamumas su tre\u010di\u0173j\u0173 \u0161ali\u0173 nam\u0173 automatizavimo sistemomis ir programomis, \u012fskaitant<\/li>\n<li>\u201eShelly Smart Control\u201c programa.<\/li>\n<li>Gali veikti kaip \u201eWi-Fi\u201c diapazono pl\u0117tiklis ir BLE central\u0117<\/li>\n<\/ul>\n<p>[\/vc_column_text]\t\t<div id=\"gallery_936\" class=\"wd-images-gallery wd-rs-67ae510a37570 wd-justify-center wd-items-middle view-grid photoswipe-images\" >\n\t\t\t<div class=\"gallery-images row wd-spacing-0\">\n\t\t\t\t\t\t\t\t\t\t\t\t\t\t\t\t<\/div>\n\t\t<\/div>\n\t\t\t\t[\/vc_column][\/vc_row]<\/p>\n<\/section>","protected":false},"excerpt":{"rendered":"<ul>\n<li>Shelly TRV 6500 mAh \u012fkraunama baterija, numatomas 2 met\u0173 akumuliatoriaus veikimo laikas<\/li>\n<li>Platus temperat\u016bros reguliavimo diapazonas, nuo 5\u00b0C iki 30\u00b0C<\/li>\n<\/ul>\n","protected":false},"featured_media":4318,"template":"","meta":[],"product_cat":[689],"product_tag":[41],"class_list":{"0":"post-4324","1":"product","2":"type-product","3":"status-publish","4":"has-post-thumbnail","6":"product_cat-gen3","7":"product_tag-shelly","8":"product_shipping_class-pastomatai","10":"first","11":"instock","12":"sale","13":"taxable","14":"shipping-taxable","15":"purchasable","16":"product-type-simple"},"yoast_head":"<!-- This site is optimized with the Yoast SEO plugin v20.12 - https:\/\/yoast.com\/wordpress\/plugins\/seo\/ -->\n<title>Shelly Plug S Gen3 lauko i\u0161manusis ki\u0161tukas Mocha - shelly.lv<\/title>\n<meta name=\"robots\" content=\"index, follow, max-snippet:-1, max-image-preview:large, max-video-preview:-1\" \/>\n<link rel=\"canonical\" href=\"https:\/\/shelly.lv\/lt\/shop\/gen3\/shelly-plug-s-gen3-lauko-ismanusis-kistukas-mocha\/\" \/>\n<meta property=\"og:locale\" content=\"lt_LT\" \/>\n<meta property=\"og:type\" content=\"article\" \/>\n<meta property=\"og:title\" content=\"Shelly Plug S Gen3 lauko i\u0161manusis ki\u0161tukas Mocha - shelly.lv\" \/>\n<meta property=\"og:description\" content=\"Shelly TRV 6500 mAh \u012fkraunama baterija, numatomas 2 met\u0173 akumuliatoriaus veikimo laikas  Platus temperat\u016bros reguliavimo diapazonas, nuo 5\u00b0C iki 30\u00b0C\" \/>\n<meta property=\"og:url\" content=\"https:\/\/shelly.lv\/lt\/shop\/gen3\/shelly-plug-s-gen3-lauko-ismanusis-kistukas-mocha\/\" \/>\n<meta property=\"og:site_name\" content=\"shelly.lv\" \/>\n<meta property=\"article:modified_time\" content=\"2026-04-30T18:58:09+00:00\" \/>\n<meta property=\"og:image\" content=\"http:\/\/shelly.lv\/wp-content\/uploads\/2025\/05\/Shelly-Outdoor-Plug-Gen3-main-image.webp\" \/>\n\t<meta property=\"og:image:width\" content=\"1000\" \/>\n\t<meta property=\"og:image:height\" content=\"1000\" \/>\n\t<meta property=\"og:image:type\" content=\"image\/webp\" \/>\n<meta name=\"twitter:card\" content=\"summary_large_image\" \/>\n<meta name=\"twitter:label1\" content=\"Est. reading time\" \/>\n\t<meta name=\"twitter:data1\" content=\"1 minut\u0117\" \/>\n<script type=\"application\/ld+json\" class=\"yoast-schema-graph\">{\"@context\":\"https:\/\/schema.org\",\"@graph\":[{\"@type\":\"WebPage\",\"@id\":\"https:\/\/shelly.lv\/lt\/shop\/gen3\/shelly-plug-s-gen3-lauko-ismanusis-kistukas-mocha\/\",\"url\":\"https:\/\/shelly.lv\/lt\/shop\/gen3\/shelly-plug-s-gen3-lauko-ismanusis-kistukas-mocha\/\",\"name\":\"Shelly Plug S Gen3 lauko i\u0161manusis ki\u0161tukas Mocha - shelly.lv\",\"isPartOf\":{\"@id\":\"https:\/\/shelly.lv\/lt\/#website\"},\"datePublished\":\"2025-02-13T19:56:33+00:00\",\"dateModified\":\"2026-04-30T18:58:09+00:00\",\"breadcrumb\":{\"@id\":\"https:\/\/shelly.lv\/lt\/shop\/gen3\/shelly-plug-s-gen3-lauko-ismanusis-kistukas-mocha\/#breadcrumb\"},\"inLanguage\":\"lt-LT\",\"potentialAction\":[{\"@type\":\"ReadAction\",\"target\":[\"https:\/\/shelly.lv\/lt\/shop\/gen3\/shelly-plug-s-gen3-lauko-ismanusis-kistukas-mocha\/\"]}]},{\"@type\":\"BreadcrumbList\",\"@id\":\"https:\/\/shelly.lv\/lt\/shop\/gen3\/shelly-plug-s-gen3-lauko-ismanusis-kistukas-mocha\/#breadcrumb\",\"itemListElement\":[{\"@type\":\"ListItem\",\"position\":1,\"name\":\"Home\",\"item\":\"https:\/\/shelly.lv\/lt\/\"},{\"@type\":\"ListItem\",\"position\":2,\"name\":\"Parduotuv\u0117\",\"item\":\"https:\/\/shelly.lv\/lt\/shop\/\"},{\"@type\":\"ListItem\",\"position\":3,\"name\":\"Shelly Plug S Gen3 lauko i\u0161manusis ki\u0161tukas Mocha\"}]},{\"@type\":\"WebSite\",\"@id\":\"https:\/\/shelly.lv\/lt\/#website\",\"url\":\"https:\/\/shelly.lv\/lt\/\",\"name\":\"Shelly.lv\",\"description\":\"Shelly Latvia\",\"publisher\":{\"@id\":\"https:\/\/shelly.lv\/lt\/#organization\"},\"potentialAction\":[{\"@type\":\"SearchAction\",\"target\":{\"@type\":\"EntryPoint\",\"urlTemplate\":\"https:\/\/shelly.lv\/lt\/?s={search_term_string}\"},\"query-input\":\"required name=search_term_string\"}],\"inLanguage\":\"lt-LT\"},{\"@type\":\"Organization\",\"@id\":\"https:\/\/shelly.lv\/lt\/#organization\",\"name\":\"Shelly.lv\",\"url\":\"https:\/\/shelly.lv\/lt\/\",\"logo\":{\"@type\":\"ImageObject\",\"inLanguage\":\"lt-LT\",\"@id\":\"https:\/\/shelly.lv\/lt\/#\/schema\/logo\/image\/\",\"url\":\"https:\/\/shelly.lv\/wp-content\/uploads\/2023\/07\/Asset-3.png\",\"contentUrl\":\"https:\/\/shelly.lv\/wp-content\/uploads\/2023\/07\/Asset-3.png\",\"width\":861,\"height\":240,\"caption\":\"Shelly.lv\"},\"image\":{\"@id\":\"https:\/\/shelly.lv\/lt\/#\/schema\/logo\/image\/\"}}]}<\/script>\n<!-- \/ Yoast SEO plugin. -->","yoast_head_json":{"title":"Shelly Plug S Gen3 lauko i\u0161manusis ki\u0161tukas Mocha - shelly.lv","robots":{"index":"index","follow":"follow","max-snippet":"max-snippet:-1","max-image-preview":"max-image-preview:large","max-video-preview":"max-video-preview:-1"},"canonical":"https:\/\/shelly.lv\/lt\/shop\/gen3\/shelly-plug-s-gen3-lauko-ismanusis-kistukas-mocha\/","og_locale":"lt_LT","og_type":"article","og_title":"Shelly Plug S Gen3 lauko i\u0161manusis ki\u0161tukas Mocha - shelly.lv","og_description":"Shelly TRV 6500 mAh \u012fkraunama baterija, numatomas 2 met\u0173 akumuliatoriaus veikimo laikas  Platus temperat\u016bros reguliavimo diapazonas, nuo 5\u00b0C iki 30\u00b0C","og_url":"https:\/\/shelly.lv\/lt\/shop\/gen3\/shelly-plug-s-gen3-lauko-ismanusis-kistukas-mocha\/","og_site_name":"shelly.lv","article_modified_time":"2026-04-30T18:58:09+00:00","og_image":[{"width":1000,"height":1000,"url":"http:\/\/shelly.lv\/wp-content\/uploads\/2025\/05\/Shelly-Outdoor-Plug-Gen3-main-image.webp","type":"image\/webp"}],"twitter_card":"summary_large_image","twitter_misc":{"Est. reading time":"1 minut\u0117"},"schema":{"@context":"https:\/\/schema.org","@graph":[{"@type":"WebPage","@id":"https:\/\/shelly.lv\/lt\/shop\/gen3\/shelly-plug-s-gen3-lauko-ismanusis-kistukas-mocha\/","url":"https:\/\/shelly.lv\/lt\/shop\/gen3\/shelly-plug-s-gen3-lauko-ismanusis-kistukas-mocha\/","name":"Shelly Plug S Gen3 lauko i\u0161manusis ki\u0161tukas Mocha - shelly.lv","isPartOf":{"@id":"https:\/\/shelly.lv\/lt\/#website"},"datePublished":"2025-02-13T19:56:33+00:00","dateModified":"2026-04-30T18:58:09+00:00","breadcrumb":{"@id":"https:\/\/shelly.lv\/lt\/shop\/gen3\/shelly-plug-s-gen3-lauko-ismanusis-kistukas-mocha\/#breadcrumb"},"inLanguage":"lt-LT","potentialAction":[{"@type":"ReadAction","target":["https:\/\/shelly.lv\/lt\/shop\/gen3\/shelly-plug-s-gen3-lauko-ismanusis-kistukas-mocha\/"]}]},{"@type":"BreadcrumbList","@id":"https:\/\/shelly.lv\/lt\/shop\/gen3\/shelly-plug-s-gen3-lauko-ismanusis-kistukas-mocha\/#breadcrumb","itemListElement":[{"@type":"ListItem","position":1,"name":"Home","item":"https:\/\/shelly.lv\/lt\/"},{"@type":"ListItem","position":2,"name":"Parduotuv\u0117","item":"https:\/\/shelly.lv\/lt\/shop\/"},{"@type":"ListItem","position":3,"name":"Shelly Plug S Gen3 lauko i\u0161manusis ki\u0161tukas Mocha"}]},{"@type":"WebSite","@id":"https:\/\/shelly.lv\/lt\/#website","url":"https:\/\/shelly.lv\/lt\/","name":"Shelly.lv","description":"Shelly Latvia","publisher":{"@id":"https:\/\/shelly.lv\/lt\/#organization"},"potentialAction":[{"@type":"SearchAction","target":{"@type":"EntryPoint","urlTemplate":"https:\/\/shelly.lv\/lt\/?s={search_term_string}"},"query-input":"required name=search_term_string"}],"inLanguage":"lt-LT"},{"@type":"Organization","@id":"https:\/\/shelly.lv\/lt\/#organization","name":"Shelly.lv","url":"https:\/\/shelly.lv\/lt\/","logo":{"@type":"ImageObject","inLanguage":"lt-LT","@id":"https:\/\/shelly.lv\/lt\/#\/schema\/logo\/image\/","url":"https:\/\/shelly.lv\/wp-content\/uploads\/2023\/07\/Asset-3.png","contentUrl":"https:\/\/shelly.lv\/wp-content\/uploads\/2023\/07\/Asset-3.png","width":861,"height":240,"caption":"Shelly.lv"},"image":{"@id":"https:\/\/shelly.lv\/lt\/#\/schema\/logo\/image\/"}}]}},"_links":{"self":[{"href":"https:\/\/shelly.lv\/lt\/wp-json\/wp\/v2\/product\/4324","targetHints":{"allow":["GET"]}}],"collection":[{"href":"https:\/\/shelly.lv\/lt\/wp-json\/wp\/v2\/product"}],"about":[{"href":"https:\/\/shelly.lv\/lt\/wp-json\/wp\/v2\/types\/product"}],"wp:featuredmedia":[{"embeddable":true,"href":"https:\/\/shelly.lv\/lt\/wp-json\/wp\/v2\/media\/4318"}],"wp:attachment":[{"href":"https:\/\/shelly.lv\/lt\/wp-json\/wp\/v2\/media?parent=4324"}],"wp:term":[{"taxonomy":"product_cat","embeddable":true,"href":"https:\/\/shelly.lv\/lt\/wp-json\/wp\/v2\/product_cat?post=4324"},{"taxonomy":"product_tag","embeddable":true,"href":"https:\/\/shelly.lv\/lt\/wp-json\/wp\/v2\/product_tag?post=4324"}],"curies":[{"name":"wp","href":"https:\/\/api.w.org\/{rel}","templated":true}]}}