{"id":4398,"date":"2025-05-13T14:37:41","date_gmt":"2025-05-13T11:37:41","guid":{"rendered":"https:\/\/shelly.lv\/veikals\/uncategorized\/shelly-lora-add-on-priedas-relems-veikimui-iki-5km-2vnt\/"},"modified":"2026-04-21T13:58:01","modified_gmt":"2026-04-21T10:58:01","slug":"shelly-lora-add-on-priedas-relems-veikimui-iki-5km-2vnt","status":"publish","type":"product","link":"https:\/\/shelly.lv\/lt\/shop\/priedai\/shelly-lora-add-on-priedas-relems-veikimui-iki-5km-2vnt\/","title":{"rendered":"Shelly LoRa Add-on priedas rel\u0117ms veikimui iki 5km 2vnt."},"content":{"rendered":"<section class=\"wpb-content-wrapper\"><p>[vc_row][vc_column][vc_column_text css=&#8221;&#8221; woodmart_inline=&#8221;no&#8221; text_larger=&#8221;no&#8221;]Geriausias sprendimas tolimojo nuotolio ir patikimam ry\u0161iui. Nesvarbu, ar automatizuojate gatvi\u0173 ap\u0161vietim\u0105, valdote nuotolinius \u012frenginius, ar optimizuojate i\u0161man\u0173j\u012f \u017eem\u0117s \u016bk\u012f, \u0161is kompakti\u0161kas, bet galingas \u012frenginys i\u0161ple\u010dia ry\u0161\u012f ten, kur tradiciniai sprendimai nepadeda. Sukurtas naudojant \u201eLoRa\u201c technologij\u0105, jis u\u017etikrina saug\u0173, efektyv\u0173 ir nepertraukiam\u0105 veikim\u0105 net ir sud\u0117tingiausioje aplinkoje.<br \/>\nPastaba: norint prijungti \u201eShelly LoRa\u201c pried\u0105, jums reik\u0117s bent dviej\u0173 \u012frengini\u0173 \u2013 vieno signalui perduoti, o kito \u2013 jam priimti. \u012esitikinkite, kad turite abu \u012frenginius pradinei s\u0105rankai.<\/p>\n<p><strong>Pagrindin\u0117s savyb\u0117s<\/strong><\/p>\n<ul>\n<li>Didelio nuotolio ry\u0161ys \u2013 palaikykite ry\u0161\u012f iki 5 km atstumu, naudodami i\u0161orin\u0119 anten\u0105.<\/li>\n<li>Pa\u017eangi technologija u\u017etikrina maksimal\u0173 patikimum\u0105 \u2013 veikia \u201eLoRa\u201c technologija, u\u017etikrinanti stipr\u0173 ir efektyv\u0173 veikim\u0105.<\/li>\n<li>Sklandus \u012frengini\u0173 integravimas \u2013 veikia su konkre\u010diais \u201eShelly Gen3\u201c ir \u201eGen4\u201c \u012frenginiais, atnaujinus programin\u0119 \u012frang\u0105 iki 1.6 versijos.<\/li>\n<li>Sukurta sud\u0117tingoms s\u0105lygoms \u2013 patikimai veikia net ir u\u017eblokuotose ar sunkiai pasiekiamose vietose.<\/li>\n<li>Greitas ir paprastas nustatymas \u2013 prad\u0117kite vos keliais \u017eingsniais.<\/li>\n<li>Pritaikoma j\u016bs\u0173 poreikiams \u2013 palaiko pasirinktinius scenarijus, atitinkan\u010dius konkre\u010dius naudojimo atvejus.<\/li>\n<\/ul>\n<h2><em>Pakuot\u0117je 2 vnt.<\/em><\/h2>\n<p>[\/vc_column_text]\t\t<div id=\"gallery_565\" class=\"wd-images-gallery wd-rs-680b50f691562 wd-justify-center wd-items-middle view-grid photoswipe-images\" >\n\t\t\t<div class=\"gallery-images row wd-spacing-0\">\n\t\t\t\t\t\t\t\t\t\t\t\t\t\t\t<div class=\"wd-gallery-item col-lg-12 col-md-12 col-sm-12 col-12\">\n\t\t\t\t\t\t\t\t\t\t\t\t\t\t<a href=\"\" data-elementor-open-lightbox=\"no\" data-index=\"1\" data-width=\"\" data-height=\"\"  >\n\t\t\t\t\t\t\t\t\n\t\t\t\t\t\t\t\t\n\t\t\t\t\t\t\t\t\t\t\t\t\t\t\t<\/a>\n\t\t\t\t\t\t\t\t\t\t\t\t<\/div>\n\t\t\t\t\t\t\t\t\t\t\t<div class=\"wd-gallery-item col-lg-12 col-md-12 col-sm-12 col-12\">\n\t\t\t\t\t\t\t\t\t\t\t\t\t\t<a href=\"\" data-elementor-open-lightbox=\"no\" data-index=\"2\" data-width=\"\" data-height=\"\"  >\n\t\t\t\t\t\t\t\t\n\t\t\t\t\t\t\t\t\n\t\t\t\t\t\t\t\t\t\t\t\t\t\t\t<\/a>\n\t\t\t\t\t\t\t\t\t\t\t\t<\/div>\n\t\t\t\t\t\t\t\t\t\t\t\t<\/div>\n\t\t<\/div>\n\t\t\t\t[vc_video link=&#8221;https:\/\/youtu.be\/3c9TemSd8tI&#8221; align=&#8221;center&#8221; css=&#8221;.vc_custom_1745572135853{padding-bottom: 15px !important;}&#8221; image_poster_switch=&#8221;no&#8221; woodmart_css_id=&#8221;680b5121c4549&#8243;][\/vc_column][\/vc_row]<\/p>\n<\/section>","protected":false},"excerpt":{"rendered":"<p>[vc_row][vc_column][vc_column_text css=&#8221;&#8221; woodmart_inline=&#8221;no&#8221; text_larger=&#8221;no&#8221;]Geriausias sprendimas tolimojo nuotolio ir patikimam ry\u0161iui. Nesvarbu, ar automatizuojate gatvi\u0173 ap\u0161vietim\u0105, valdote nuotolinius \u012frenginius, ar optimizuojate<\/p>\n","protected":false},"featured_media":4396,"template":"","meta":[],"product_cat":[299],"product_tag":[41],"class_list":{"0":"post-4398","1":"product","2":"type-product","3":"status-publish","4":"has-post-thumbnail","6":"product_cat-priedai","7":"product_tag-shelly","8":"product_shipping_class-pastomatai","10":"first","11":"instock","12":"sale","13":"taxable","14":"shipping-taxable","15":"purchasable","16":"product-type-simple"},"yoast_head":"<!-- This site is optimized with the Yoast SEO plugin v20.12 - https:\/\/yoast.com\/wordpress\/plugins\/seo\/ -->\n<title>Shelly LoRa Add-on priedas rel\u0117ms veikimui iki 5km 2vnt. - shelly.lv<\/title>\n<meta name=\"robots\" content=\"index, follow, max-snippet:-1, max-image-preview:large, max-video-preview:-1\" \/>\n<link rel=\"canonical\" href=\"https:\/\/shelly.lv\/lt\/shop\/priedai\/shelly-lora-add-on-priedas-relems-veikimui-iki-5km-2vnt\/\" \/>\n<meta property=\"og:locale\" content=\"lt_LT\" \/>\n<meta property=\"og:type\" content=\"article\" \/>\n<meta property=\"og:title\" content=\"Shelly LoRa Add-on priedas rel\u0117ms veikimui iki 5km 2vnt. - shelly.lv\" \/>\n<meta property=\"og:description\" content=\"[vc_row][vc_column][vc_column_text css=&#8221;&#8221; woodmart_inline=&#8221;no&#8221; text_larger=&#8221;no&#8221;]Geriausias sprendimas tolimojo nuotolio ir patikimam ry\u0161iui. Nesvarbu, ar automatizuojate gatvi\u0173 ap\u0161vietim\u0105, valdote nuotolinius \u012frenginius, ar optimizuojate\" \/>\n<meta property=\"og:url\" content=\"https:\/\/shelly.lv\/lt\/shop\/priedai\/shelly-lora-add-on-priedas-relems-veikimui-iki-5km-2vnt\/\" \/>\n<meta property=\"og:site_name\" content=\"shelly.lv\" \/>\n<meta property=\"article:modified_time\" content=\"2026-04-21T10:58:01+00:00\" \/>\n<meta property=\"og:image\" content=\"http:\/\/shelly.lv\/wp-content\/uploads\/2025\/07\/Shelly-LoRa-Add-on_Packaging-x2-image_1x1-_1.webp\" \/>\n\t<meta property=\"og:image:width\" content=\"1000\" \/>\n\t<meta property=\"og:image:height\" content=\"1000\" \/>\n\t<meta property=\"og:image:type\" content=\"image\/webp\" \/>\n<meta name=\"twitter:card\" content=\"summary_large_image\" \/>\n<meta name=\"twitter:label1\" content=\"Est. reading time\" \/>\n\t<meta name=\"twitter:data1\" content=\"1 minut\u0117\" \/>\n<script type=\"application\/ld+json\" class=\"yoast-schema-graph\">{\"@context\":\"https:\/\/schema.org\",\"@graph\":[{\"@type\":\"WebPage\",\"@id\":\"https:\/\/shelly.lv\/lt\/shop\/priedai\/shelly-lora-add-on-priedas-relems-veikimui-iki-5km-2vnt\/\",\"url\":\"https:\/\/shelly.lv\/lt\/shop\/priedai\/shelly-lora-add-on-priedas-relems-veikimui-iki-5km-2vnt\/\",\"name\":\"Shelly LoRa Add-on priedas rel\u0117ms veikimui iki 5km 2vnt. - shelly.lv\",\"isPartOf\":{\"@id\":\"https:\/\/shelly.lv\/lt\/#website\"},\"datePublished\":\"2025-05-13T11:37:41+00:00\",\"dateModified\":\"2026-04-21T10:58:01+00:00\",\"breadcrumb\":{\"@id\":\"https:\/\/shelly.lv\/lt\/shop\/priedai\/shelly-lora-add-on-priedas-relems-veikimui-iki-5km-2vnt\/#breadcrumb\"},\"inLanguage\":\"lt-LT\",\"potentialAction\":[{\"@type\":\"ReadAction\",\"target\":[\"https:\/\/shelly.lv\/lt\/shop\/priedai\/shelly-lora-add-on-priedas-relems-veikimui-iki-5km-2vnt\/\"]}]},{\"@type\":\"BreadcrumbList\",\"@id\":\"https:\/\/shelly.lv\/lt\/shop\/priedai\/shelly-lora-add-on-priedas-relems-veikimui-iki-5km-2vnt\/#breadcrumb\",\"itemListElement\":[{\"@type\":\"ListItem\",\"position\":1,\"name\":\"Home\",\"item\":\"https:\/\/shelly.lv\/lt\/\"},{\"@type\":\"ListItem\",\"position\":2,\"name\":\"Parduotuv\u0117\",\"item\":\"https:\/\/shelly.lv\/lt\/shop\/\"},{\"@type\":\"ListItem\",\"position\":3,\"name\":\"Shelly LoRa Add-on priedas rel\u0117ms veikimui iki 5km 2vnt.\"}]},{\"@type\":\"WebSite\",\"@id\":\"https:\/\/shelly.lv\/lt\/#website\",\"url\":\"https:\/\/shelly.lv\/lt\/\",\"name\":\"Shelly.lv\",\"description\":\"Shelly Latvia\",\"publisher\":{\"@id\":\"https:\/\/shelly.lv\/lt\/#organization\"},\"potentialAction\":[{\"@type\":\"SearchAction\",\"target\":{\"@type\":\"EntryPoint\",\"urlTemplate\":\"https:\/\/shelly.lv\/lt\/?s={search_term_string}\"},\"query-input\":\"required name=search_term_string\"}],\"inLanguage\":\"lt-LT\"},{\"@type\":\"Organization\",\"@id\":\"https:\/\/shelly.lv\/lt\/#organization\",\"name\":\"Shelly.lv\",\"url\":\"https:\/\/shelly.lv\/lt\/\",\"logo\":{\"@type\":\"ImageObject\",\"inLanguage\":\"lt-LT\",\"@id\":\"https:\/\/shelly.lv\/lt\/#\/schema\/logo\/image\/\",\"url\":\"https:\/\/shelly.lv\/wp-content\/uploads\/2023\/07\/Asset-3.png\",\"contentUrl\":\"https:\/\/shelly.lv\/wp-content\/uploads\/2023\/07\/Asset-3.png\",\"width\":861,\"height\":240,\"caption\":\"Shelly.lv\"},\"image\":{\"@id\":\"https:\/\/shelly.lv\/lt\/#\/schema\/logo\/image\/\"}}]}<\/script>\n<!-- \/ Yoast SEO plugin. -->","yoast_head_json":{"title":"Shelly LoRa Add-on priedas rel\u0117ms veikimui iki 5km 2vnt. - shelly.lv","robots":{"index":"index","follow":"follow","max-snippet":"max-snippet:-1","max-image-preview":"max-image-preview:large","max-video-preview":"max-video-preview:-1"},"canonical":"https:\/\/shelly.lv\/lt\/shop\/priedai\/shelly-lora-add-on-priedas-relems-veikimui-iki-5km-2vnt\/","og_locale":"lt_LT","og_type":"article","og_title":"Shelly LoRa Add-on priedas rel\u0117ms veikimui iki 5km 2vnt. - shelly.lv","og_description":"[vc_row][vc_column][vc_column_text css=&#8221;&#8221; woodmart_inline=&#8221;no&#8221; text_larger=&#8221;no&#8221;]Geriausias sprendimas tolimojo nuotolio ir patikimam ry\u0161iui. Nesvarbu, ar automatizuojate gatvi\u0173 ap\u0161vietim\u0105, valdote nuotolinius \u012frenginius, ar optimizuojate","og_url":"https:\/\/shelly.lv\/lt\/shop\/priedai\/shelly-lora-add-on-priedas-relems-veikimui-iki-5km-2vnt\/","og_site_name":"shelly.lv","article_modified_time":"2026-04-21T10:58:01+00:00","og_image":[{"width":1000,"height":1000,"url":"http:\/\/shelly.lv\/wp-content\/uploads\/2025\/07\/Shelly-LoRa-Add-on_Packaging-x2-image_1x1-_1.webp","type":"image\/webp"}],"twitter_card":"summary_large_image","twitter_misc":{"Est. reading time":"1 minut\u0117"},"schema":{"@context":"https:\/\/schema.org","@graph":[{"@type":"WebPage","@id":"https:\/\/shelly.lv\/lt\/shop\/priedai\/shelly-lora-add-on-priedas-relems-veikimui-iki-5km-2vnt\/","url":"https:\/\/shelly.lv\/lt\/shop\/priedai\/shelly-lora-add-on-priedas-relems-veikimui-iki-5km-2vnt\/","name":"Shelly LoRa Add-on priedas rel\u0117ms veikimui iki 5km 2vnt. - shelly.lv","isPartOf":{"@id":"https:\/\/shelly.lv\/lt\/#website"},"datePublished":"2025-05-13T11:37:41+00:00","dateModified":"2026-04-21T10:58:01+00:00","breadcrumb":{"@id":"https:\/\/shelly.lv\/lt\/shop\/priedai\/shelly-lora-add-on-priedas-relems-veikimui-iki-5km-2vnt\/#breadcrumb"},"inLanguage":"lt-LT","potentialAction":[{"@type":"ReadAction","target":["https:\/\/shelly.lv\/lt\/shop\/priedai\/shelly-lora-add-on-priedas-relems-veikimui-iki-5km-2vnt\/"]}]},{"@type":"BreadcrumbList","@id":"https:\/\/shelly.lv\/lt\/shop\/priedai\/shelly-lora-add-on-priedas-relems-veikimui-iki-5km-2vnt\/#breadcrumb","itemListElement":[{"@type":"ListItem","position":1,"name":"Home","item":"https:\/\/shelly.lv\/lt\/"},{"@type":"ListItem","position":2,"name":"Parduotuv\u0117","item":"https:\/\/shelly.lv\/lt\/shop\/"},{"@type":"ListItem","position":3,"name":"Shelly LoRa Add-on priedas rel\u0117ms veikimui iki 5km 2vnt."}]},{"@type":"WebSite","@id":"https:\/\/shelly.lv\/lt\/#website","url":"https:\/\/shelly.lv\/lt\/","name":"Shelly.lv","description":"Shelly Latvia","publisher":{"@id":"https:\/\/shelly.lv\/lt\/#organization"},"potentialAction":[{"@type":"SearchAction","target":{"@type":"EntryPoint","urlTemplate":"https:\/\/shelly.lv\/lt\/?s={search_term_string}"},"query-input":"required name=search_term_string"}],"inLanguage":"lt-LT"},{"@type":"Organization","@id":"https:\/\/shelly.lv\/lt\/#organization","name":"Shelly.lv","url":"https:\/\/shelly.lv\/lt\/","logo":{"@type":"ImageObject","inLanguage":"lt-LT","@id":"https:\/\/shelly.lv\/lt\/#\/schema\/logo\/image\/","url":"https:\/\/shelly.lv\/wp-content\/uploads\/2023\/07\/Asset-3.png","contentUrl":"https:\/\/shelly.lv\/wp-content\/uploads\/2023\/07\/Asset-3.png","width":861,"height":240,"caption":"Shelly.lv"},"image":{"@id":"https:\/\/shelly.lv\/lt\/#\/schema\/logo\/image\/"}}]}},"_links":{"self":[{"href":"https:\/\/shelly.lv\/lt\/wp-json\/wp\/v2\/product\/4398","targetHints":{"allow":["GET"]}}],"collection":[{"href":"https:\/\/shelly.lv\/lt\/wp-json\/wp\/v2\/product"}],"about":[{"href":"https:\/\/shelly.lv\/lt\/wp-json\/wp\/v2\/types\/product"}],"wp:featuredmedia":[{"embeddable":true,"href":"https:\/\/shelly.lv\/lt\/wp-json\/wp\/v2\/media\/4396"}],"wp:attachment":[{"href":"https:\/\/shelly.lv\/lt\/wp-json\/wp\/v2\/media?parent=4398"}],"wp:term":[{"taxonomy":"product_cat","embeddable":true,"href":"https:\/\/shelly.lv\/lt\/wp-json\/wp\/v2\/product_cat?post=4398"},{"taxonomy":"product_tag","embeddable":true,"href":"https:\/\/shelly.lv\/lt\/wp-json\/wp\/v2\/product_tag?post=4398"}],"curies":[{"name":"wp","href":"https:\/\/api.w.org\/{rel}","templated":true}]}}